{"id":84,"date":"2024-07-04T17:57:25","date_gmt":"2024-07-04T17:57:25","guid":{"rendered":"https:\/\/lallavedeaurora.com\/?page_id=84"},"modified":"2024-07-04T17:57:25","modified_gmt":"2024-07-04T17:57:25","slug":"nos-invitas-a-un-cafe","status":"publish","type":"page","link":"https:\/\/lallavedeaurora.com\/?page_id=84","title":{"rendered":"Nos invitas a un caf\u00e9?"},"content":{"rendered":"\n<p>Si los videos te han servido, si has conseguido aprobar por fin esa asignatura que tenias atascada, o simplemente has aprendido y quieres invitarnos a un caf\u00e9, te dejamos un enlace a Paypal, no olvides refererirnos cual de las listas te ha gustado, como habr\u00e1s observado todos nuestros videos est\u00e1n libres y p\u00fablicos, no comerciamos con ellos, gracias!!<\/p>\n\n\n\n<form action=\"https:\/\/www.paypal.com\/donate\" method=\"post\" target=\"_top\">\n<input type=\"hidden\" name=\"hosted_button_id\" value=\"XRJS954LESA4N\" \/>\n<input type=\"image\" src=\"https:\/\/www.paypalobjects.com\/es_ES\/ES\/i\/btn\/btn_donate_LG.gif\" border=\"0\" name=\"submit\" title=\"PayPal - The safer, easier way to pay online!\" alt=\"Bot\u00f3n Donar con PayPal\" \/>\n<img loading=\"lazy\" decoding=\"async\" alt=\"\" border=\"0\" src=\"https:\/\/www.paypal.com\/es_ES\/i\/scr\/pixel.gif\" width=\"1\" height=\"1\" \/>\n<\/form>\n","protected":false},"excerpt":{"rendered":"<p>Si los videos te han servido, si has conseguido aprobar por fin esa asignatura que tenias atascada, o simplemente has aprendido y quieres invitarnos a un caf\u00e9, te dejamos un enlace a Paypal, no olvides refererirnos cual de las listas te ha gustado, como habr\u00e1s observado todos nuestros videos est\u00e1n libres y p\u00fablicos, no comerciamos [&hellip;]<\/p>\n","protected":false},"author":1,"featured_media":0,"parent":0,"menu_order":0,"comment_status":"closed","ping_status":"closed","template":"","meta":{"footnotes":""},"class_list":["post-84","page","type-page","status-publish","hentry"],"_links":{"self":[{"href":"https:\/\/lallavedeaurora.com\/index.php?rest_route=\/wp\/v2\/pages\/84","targetHints":{"allow":["GET"]}}],"collection":[{"href":"https:\/\/lallavedeaurora.com\/index.php?rest_route=\/wp\/v2\/pages"}],"about":[{"href":"https:\/\/lallavedeaurora.com\/index.php?rest_route=\/wp\/v2\/types\/page"}],"author":[{"embeddable":true,"href":"https:\/\/lallavedeaurora.com\/index.php?rest_route=\/wp\/v2\/users\/1"}],"replies":[{"embeddable":true,"href":"https:\/\/lallavedeaurora.com\/index.php?rest_route=%2Fwp%2Fv2%2Fcomments&post=84"}],"version-history":[{"count":1,"href":"https:\/\/lallavedeaurora.com\/index.php?rest_route=\/wp\/v2\/pages\/84\/revisions"}],"predecessor-version":[{"id":85,"href":"https:\/\/lallavedeaurora.com\/index.php?rest_route=\/wp\/v2\/pages\/84\/revisions\/85"}],"wp:attachment":[{"href":"https:\/\/lallavedeaurora.com\/index.php?rest_route=%2Fwp%2Fv2%2Fmedia&parent=84"}],"curies":[{"name":"wp","href":"https:\/\/api.w.org\/{rel}","templated":true}]}}