{"id":81,"date":"2024-07-04T17:53:22","date_gmt":"2024-07-04T17:53:22","guid":{"rendered":"https:\/\/lallavedeaurora.com\/?page_id=81"},"modified":"2024-07-04T17:53:22","modified_gmt":"2024-07-04T17:53:22","slug":"que-hacemos","status":"publish","type":"page","link":"https:\/\/lallavedeaurora.com\/?page_id=81","title":{"rendered":"Que hacemos?"},"content":{"rendered":"\n<p>B\u00e1sicamente promovemos nuestro canal en<a href=\"https:\/\/www.youtube.com\/channel\/UCIkhFiytUPvLRHGtRNC6OPw\" data-type=\"link\" data-id=\"https:\/\/www.youtube.com\/channel\/UCIkhFiytUPvLRHGtRNC6OPw\"> YouTube<\/a>, esa es nuestra principal ocupaci\u00f3n, pero tambi\u00e9n hacemos mas cosas, como por ejemplo esta web, adem\u00e1s de interesarnos por todo lo que tenga algo que ver con tecnolog\u00eda.<\/p>\n\n\n\n<p>Piensa que aqu\u00ed nos movemos con grupos de trabajo, y en cada proyecto participan distintas personas dependiendo de la naturaleza de este.<\/p>\n\n\n\n<p>Desde software a hardware, pasando por dise\u00f1o web, podemos desarrollar lo que nos propongas, nos gustan los proyectos amenos, divertidos e ilusionantes.<\/p>\n\n\n\n<p>Si quieres contar con nosotros para algo solo tienes que enviarnos un mail, nos sentamos a charlar un rato, nos expones tu proyecto y lo estudiamos.<\/p>\n\n\n\n<p class=\"has-text-align-left\">Ya sabes donde encontrarnos\u2026<\/p>\n","protected":false},"excerpt":{"rendered":"<p>B\u00e1sicamente promovemos nuestro canal en YouTube, esa es nuestra principal ocupaci\u00f3n, pero tambi\u00e9n hacemos mas cosas, como por ejemplo esta web, adem\u00e1s de interesarnos por todo lo que tenga algo que ver con tecnolog\u00eda. Piensa que aqu\u00ed nos movemos con grupos de trabajo, y en cada proyecto participan distintas personas dependiendo de la naturaleza de [&hellip;]<\/p>\n","protected":false},"author":1,"featured_media":0,"parent":0,"menu_order":0,"comment_status":"closed","ping_status":"closed","template":"","meta":{"footnotes":""},"class_list":["post-81","page","type-page","status-publish","hentry"],"_links":{"self":[{"href":"https:\/\/lallavedeaurora.com\/index.php?rest_route=\/wp\/v2\/pages\/81","targetHints":{"allow":["GET"]}}],"collection":[{"href":"https:\/\/lallavedeaurora.com\/index.php?rest_route=\/wp\/v2\/pages"}],"about":[{"href":"https:\/\/lallavedeaurora.com\/index.php?rest_route=\/wp\/v2\/types\/page"}],"author":[{"embeddable":true,"href":"https:\/\/lallavedeaurora.com\/index.php?rest_route=\/wp\/v2\/users\/1"}],"replies":[{"embeddable":true,"href":"https:\/\/lallavedeaurora.com\/index.php?rest_route=%2Fwp%2Fv2%2Fcomments&post=81"}],"version-history":[{"count":1,"href":"https:\/\/lallavedeaurora.com\/index.php?rest_route=\/wp\/v2\/pages\/81\/revisions"}],"predecessor-version":[{"id":82,"href":"https:\/\/lallavedeaurora.com\/index.php?rest_route=\/wp\/v2\/pages\/81\/revisions\/82"}],"wp:attachment":[{"href":"https:\/\/lallavedeaurora.com\/index.php?rest_route=%2Fwp%2Fv2%2Fmedia&parent=81"}],"curies":[{"name":"wp","href":"https:\/\/api.w.org\/{rel}","templated":true}]}}