{"id":76,"date":"2024-07-01T19:27:38","date_gmt":"2024-07-01T19:27:38","guid":{"rendered":"https:\/\/lallavedeaurora.com\/?page_id=76"},"modified":"2024-07-01T19:29:52","modified_gmt":"2024-07-01T19:29:52","slug":"sobre-nosotros","status":"publish","type":"page","link":"https:\/\/lallavedeaurora.com\/?page_id=76","title":{"rendered":"Sobre nosotros"},"content":{"rendered":"\n<p>Una historia? ahora?\u2026.bueno vale, si\u00e9ntate<\/p>\n\n\n\n<p><\/p>\n\n\n\n<p>Todo comenz\u00f3 hace algunos a\u00f1os, \u00e9ramos un par de \u201clocos\u201d estudiantes de Ingenier\u00eda Inform\u00e1tica de la UNED y todo surgi\u00f3 como una especie de juego, algo sencillo, pero con ilusi\u00f3n, hab\u00eda gente que se estrellaba mil veces en algunas asignaturas, sobre todo en las de primero y decidimos echar un cable.<\/p>\n\n\n\n<p><em>-Oye y si grabamos unos videos con ejercicios y creamos un canal?<\/em><\/p>\n\n\n\n<p><em>-Un canal?, \u00bfen YouTube?<\/em><\/p>\n\n\n\n<p><em>-Si claro<\/em><\/p>\n\n\n\n<p><em>-Puff si eso no lo ver\u00e1 nadie!!<\/em><\/p>\n\n\n\n<p>Al principio cost\u00f3, calidad de grabaci\u00f3n, que el sonido fuese limpio, unificar la cabecera, porque, como dato curioso, hasta la m\u00fasica de la intro, tanto la antigua como la nueva, tenemos los derechos de uso comprados, todo legal.<\/p>\n\n\n\n<p>Despu\u00e9s encargamos el logo, ese tan \u201cmono\u201d con la llavecita, pues tambi\u00e9n es original y dise\u00f1ado por un profesional, evidentemente cobr\u00f3 por sus servicios.<\/p>\n\n\n\n<p>Lo que empez\u00f3 siendo algo meramente anecd\u00f3tico, comenz\u00f3 a crecer, se unieron un par de compa\u00f1eros m\u00e1s, aumentamos el n\u00famero de videos, se subieron ejercicios de GEI y Estad\u00edstica, incrementamos las aportaciones con diverso material, llegando este a\u00f1o a las emisiones en directo los domingos para resolver ejercicios de FSD.<\/p>\n\n\n\n<p>No contentos con el canal, en paralelo, grabamos diez podcast sobre la UNED, entrevistamos a compa\u00f1eros y compa\u00f1eras que destacaban en los canales de Telegram, a tutores, delegados y mentores, e incluso a Nicolas Morillo, gran profesor y mejor persona.<\/p>\n\n\n\n<p>Tengo una an\u00e9cdota que conociendo en persona a una compa\u00f1era en Madrid me hablaba del canal de Aurora y de c\u00f3mo le hab\u00eda ayudado a aprobar una asignatura, despu\u00e9s de un buen rato aguantando la risa, me identifique como uno de los creadores y la cara de la chica era un poema, nos re\u00edmos much\u00edsimo aquel d\u00eda.<\/p>\n\n\n\n<p>Somos lo que veis, no busqu\u00e9is tres pies al gato, hacemos lo que hacemos por que nos gusta y punto, aportar luz al que est\u00e1 en oscuridad, la luz de la Aurora\u2026<\/p>\n\n\n\n<p>Bienvenidos pues<\/p>\n","protected":false},"excerpt":{"rendered":"<p>Una historia? ahora?\u2026.bueno vale, si\u00e9ntate Todo comenz\u00f3 hace algunos a\u00f1os, \u00e9ramos un par de \u201clocos\u201d estudiantes de Ingenier\u00eda Inform\u00e1tica de la UNED y todo surgi\u00f3 como una especie de juego, algo sencillo, pero con ilusi\u00f3n, hab\u00eda gente que se estrellaba mil veces en algunas asignaturas, sobre todo en las de primero y decidimos echar un [&hellip;]<\/p>\n","protected":false},"author":1,"featured_media":0,"parent":0,"menu_order":0,"comment_status":"closed","ping_status":"closed","template":"","meta":{"footnotes":""},"class_list":["post-76","page","type-page","status-publish","hentry"],"_links":{"self":[{"href":"https:\/\/lallavedeaurora.com\/index.php?rest_route=\/wp\/v2\/pages\/76","targetHints":{"allow":["GET"]}}],"collection":[{"href":"https:\/\/lallavedeaurora.com\/index.php?rest_route=\/wp\/v2\/pages"}],"about":[{"href":"https:\/\/lallavedeaurora.com\/index.php?rest_route=\/wp\/v2\/types\/page"}],"author":[{"embeddable":true,"href":"https:\/\/lallavedeaurora.com\/index.php?rest_route=\/wp\/v2\/users\/1"}],"replies":[{"embeddable":true,"href":"https:\/\/lallavedeaurora.com\/index.php?rest_route=%2Fwp%2Fv2%2Fcomments&post=76"}],"version-history":[{"count":3,"href":"https:\/\/lallavedeaurora.com\/index.php?rest_route=\/wp\/v2\/pages\/76\/revisions"}],"predecessor-version":[{"id":80,"href":"https:\/\/lallavedeaurora.com\/index.php?rest_route=\/wp\/v2\/pages\/76\/revisions\/80"}],"wp:attachment":[{"href":"https:\/\/lallavedeaurora.com\/index.php?rest_route=%2Fwp%2Fv2%2Fmedia&parent=76"}],"curies":[{"name":"wp","href":"https:\/\/api.w.org\/{rel}","templated":true}]}}